{"id":1432,"date":"2018-04-13T08:00:00","date_gmt":"2018-04-13T08:00:00","guid":{"rendered":"https:\/\/www.hotelsanmatteo.it\/?page_id=1432"},"modified":"2018-05-10T16:29:19","modified_gmt":"2018-05-10T16:29:19","slug":"kontakt","status":"publish","type":"page","link":"https:\/\/www.hotelsanmatteo.it\/de\/kontakt\/","title":{"rendered":"Kontakt"},"content":{"rendered":"<p><div class=\"fusion-bg-parallax\" data-bg-align=\"center center\" data-direction=\"up\" data-mute=\"false\" data-opacity=\"100\" data-velocity=\"-0.5\" data-mobile-enabled=\"true\" data-break_parents=\"0\" data-bg-image=\"https:\/\/www.hotelsanmatteo.it\/wp-content\/uploads\/2017\/10\/img-top-contatti-1.jpg\" data-bg-repeat=\"false\" ><\/div><div class=\"fusion-fullwidth fullwidth-box fusion-builder-row-1 fusion-parallax-up hundred-percent-fullwidth non-hundred-percent-height-scrolling lazyload\" style=\"--awb-border-radius-top-left:0px;--awb-border-radius-top-right:0px;--awb-border-radius-bottom-right:0px;--awb-border-radius-bottom-left:0px;--awb-padding-top:15%;--awb-padding-right:0%;--awb-padding-bottom:15%;--awb-padding-left:0px;--awb-margin-top:0px;--awb-margin-bottom:0px;--awb-background-size:cover;--awb-flex-wrap:wrap;\" data-bg=\"https:\/\/www.hotelsanmatteo.it\/wp-content\/uploads\/2017\/10\/img-top-contatti-1.jpg\" ><div class=\"fusion-builder-row fusion-row\"><div class=\"fusion-layout-column fusion_builder_column fusion-builder-column-0 fusion_builder_column_1_1 1_1 fusion-one-full fusion-column-first fusion-column-last\" style=\"--awb-bg-size:cover;--awb-margin-bottom:0px;\"><div class=\"fusion-column-wrapper fusion-flex-column-wrapper-legacy\"><div class=\"fusion-clearfix\"><\/div><\/div><\/div><\/div><\/div><div class=\"fusion-fullwidth fullwidth-box fusion-builder-row-2 nonhundred-percent-fullwidth non-hundred-percent-height-scrolling\" style=\"--awb-background-position:center bottom;--awb-border-radius-top-left:0px;--awb-border-radius-top-right:0px;--awb-border-radius-bottom-right:0px;--awb-border-radius-bottom-left:0px;--awb-padding-top:0%;--awb-padding-right:0px;--awb-padding-bottom:0%;--awb-padding-left:0px;--awb-margin-top:0px;--awb-margin-bottom:0px;--awb-background-color:#601019;--awb-flex-wrap:wrap;\" ><div class=\"fusion-builder-row fusion-row\"><div class=\"fusion-layout-column fusion_builder_column fusion-builder-column-1 fusion_builder_column_1_6 1_6 fusion-one-sixth fusion-column-first fusion-column-no-min-height\" style=\"--awb-padding-top:80px;--awb-padding-bottom:0%;--awb-bg-size:cover;--awb-border-color:#f9f2e4;--awb-border-style:solid;--awb-margin-bottom:0px;width:16.666666666667%;width:calc(16.666666666667% - ( ( 4% + 4% ) * 0.16666666666667 ) );margin-right: 4%;\"><div class=\"fusion-column-wrapper fusion-flex-column-wrapper-legacy\"><div class=\"fusion-column-content-centered\"><div class=\"fusion-column-content\"><\/div><\/div><div class=\"fusion-clearfix\"><\/div><\/div><\/div><div class=\"fusion-layout-column fusion_builder_column fusion-builder-column-2 fusion_builder_column_2_3 2_3 fusion-two-third fusion-column-no-min-height\" style=\"--awb-padding-top:15%;--awb-padding-right:3%;--awb-padding-bottom:15%;--awb-padding-left:3%;--awb-bg-size:cover;--awb-border-color:#f9f2e4;--awb-border-style:solid;--awb-margin-bottom:0px;width:66.666666666667%;width:calc(66.666666666667% - ( ( 4% + 4% ) * 0.66666666666667 ) );margin-right: 4%;\"><div class=\"fusion-column-wrapper fusion-flex-column-wrapper-legacy\"><div class=\"fusion-column-content-centered\"><div class=\"fusion-column-content\"><div class=\"fusion-image-element fusion-image-align-center in-legacy-container\" style=\"text-align:center;--awb-caption-title-font-family:var(--h2_typography-font-family);--awb-caption-title-font-weight:var(--h2_typography-font-weight);--awb-caption-title-font-style:var(--h2_typography-font-style);--awb-caption-title-size:var(--h2_typography-font-size);--awb-caption-title-transform:var(--h2_typography-text-transform);--awb-caption-title-line-height:var(--h2_typography-line-height);--awb-caption-title-letter-spacing:var(--h2_typography-letter-spacing);\"><div class=\"imageframe-align-center\"><span class=\" fusion-imageframe imageframe-none imageframe-1 hover-type-none fusion-animated\" data-animationType=\"fadeIn\" data-animationDuration=\"0.5\" data-animationOffset=\"top-into-view\"><img decoding=\"async\" width=\"360\" height=\"98\" alt=\"Hotel San Matteo - logo\" title=\"logo-HotelSanMatteo-360px\" src=\"https:\/\/www.hotelsanmatteo.it\/wp-content\/uploads\/2017\/10\/logo-HotelSanMatteo-360px.png\" data-orig-src=\"https:\/\/www.hotelsanmatteo.it\/wp-content\/uploads\/2017\/10\/logo-HotelSanMatteo-360px.png\" class=\"lazyload img-responsive wp-image-13\" srcset=\"data:image\/svg+xml,%3Csvg%20xmlns%3D%27http%3A%2F%2Fwww.w3.org%2F2000%2Fsvg%27%20width%3D%27360%27%20height%3D%2798%27%20viewBox%3D%270%200%20360%2098%27%3E%3Crect%20width%3D%27360%27%20height%3D%2798%27%20fill-opacity%3D%220%22%2F%3E%3C%2Fsvg%3E\" data-srcset=\"https:\/\/www.hotelsanmatteo.it\/wp-content\/uploads\/2017\/10\/logo-HotelSanMatteo-360px-200x54.png 200w, https:\/\/www.hotelsanmatteo.it\/wp-content\/uploads\/2017\/10\/logo-HotelSanMatteo-360px.png 360w\" data-sizes=\"auto\" data-orig-sizes=\"(max-width: 800px) 100vw, 360px\" \/><\/span><\/div><\/div><div class=\"fusion-title title fusion-title-1 fusion-title-center fusion-title-text fusion-title-size-one\" style=\"--awb-margin-bottom:0px;--awb-sep-color:#f1dfb8;\"><div class=\"title-sep-container title-sep-container-left\"><div class=\"title-sep sep-double sep-solid\" style=\"border-color:#f1dfb8;\"><\/div><\/div><span class=\"awb-title-spacer\"><\/span><h1 class=\"fusion-title-heading title-heading-center\" style=\"margin:0;\"><p style=\"text-align: center;\">KONTAKT HOTEL IN SAN BARTOLOMEO AL MARE<\/p><\/h1><span class=\"awb-title-spacer\"><\/span><div class=\"title-sep-container title-sep-container-right\"><div class=\"title-sep sep-double sep-solid\" style=\"border-color:#f1dfb8;\"><\/div><\/div><\/div><div class=\"fusion-text fusion-text-1\"><p style=\"text-align: center; font-size: 24px; color: #fdb455; margin: 0px 0px 10px 0px;\">Alle Informationen, die Sie brauchen<\/p>\n<\/div><div class=\"fusion-image-element fusion-image-align-center in-legacy-container\" style=\"text-align:center;--awb-caption-title-font-family:var(--h2_typography-font-family);--awb-caption-title-font-weight:var(--h2_typography-font-weight);--awb-caption-title-font-style:var(--h2_typography-font-style);--awb-caption-title-size:var(--h2_typography-font-size);--awb-caption-title-transform:var(--h2_typography-text-transform);--awb-caption-title-line-height:var(--h2_typography-line-height);--awb-caption-title-letter-spacing:var(--h2_typography-letter-spacing);\"><div class=\"imageframe-align-center\"><span class=\" fusion-imageframe imageframe-none imageframe-2 hover-type-none fusion-animated\" data-animationType=\"fadeIn\" data-animationDuration=\"1.0\" data-animationOffset=\"top-into-view\"><img decoding=\"async\" width=\"180\" height=\"59\" alt=\"Hotel San Matteo - decorazione\" title=\"decoro4\" src=\"data:image\/svg+xml,%3Csvg%20xmlns%3D%27http%3A%2F%2Fwww.w3.org%2F2000%2Fsvg%27%20width%3D%27180%27%20height%3D%2759%27%20viewBox%3D%270%200%20180%2059%27%3E%3Crect%20width%3D%27180%27%20height%3D%2759%27%20fill-opacity%3D%220%22%2F%3E%3C%2Fsvg%3E\" data-orig-src=\"https:\/\/www.hotelsanmatteo.it\/wp-content\/uploads\/2017\/10\/decoro4.png\" class=\"lazyload img-responsive wp-image-356\"\/><\/span><\/div><\/div><\/div><\/div><div class=\"fusion-clearfix\"><\/div><\/div><\/div><div class=\"fusion-layout-column fusion_builder_column fusion-builder-column-3 fusion_builder_column_1_6 1_6 fusion-one-sixth fusion-column-last fusion-column-no-min-height\" style=\"--awb-padding-top:80px;--awb-padding-bottom:0%;--awb-bg-size:cover;--awb-border-color:#f9f2e4;--awb-border-style:solid;--awb-margin-bottom:0px;width:16.666666666667%;width:calc(16.666666666667% - ( ( 4% + 4% ) * 0.16666666666667 ) );\"><div class=\"fusion-column-wrapper fusion-flex-column-wrapper-legacy\"><div class=\"fusion-column-content-centered\"><div class=\"fusion-column-content\"><\/div><\/div><div class=\"fusion-clearfix\"><\/div><\/div><\/div><\/div><\/div><div class=\"fusion-fullwidth fullwidth-box fusion-builder-row-3 nonhundred-percent-fullwidth non-hundred-percent-height-scrolling\" style=\"--awb-background-position:center bottom;--awb-border-radius-top-left:0px;--awb-border-radius-top-right:0px;--awb-border-radius-bottom-right:0px;--awb-border-radius-bottom-left:0px;--awb-padding-top:0%;--awb-padding-right:0px;--awb-padding-bottom:0%;--awb-padding-left:0px;--awb-margin-top:0px;--awb-margin-bottom:0px;--awb-background-color:#601019;--awb-flex-wrap:wrap;\" ><div class=\"fusion-builder-row fusion-row\"><div class=\"fusion-layout-column fusion_builder_column fusion-builder-column-4 fusion_builder_column_1_1 1_1 fusion-one-full fusion-column-first fusion-column-last\" style=\"--awb-padding-top:4%;--awb-padding-right:4%;--awb-padding-bottom:4%;--awb-padding-left:4%;--awb-bg-repeat:repeat;--awb-margin-bottom:0px;\"><div class=\"fusion-column-wrapper lazyload fusion-flex-column-wrapper-legacy fusion-column-has-bg-image\" data-bg-url=\"https:\/\/www.hotelsanmatteo.it\/wp-content\/uploads\/2017\/10\/8281a96a.png\" data-bg=\"https:\/\/www.hotelsanmatteo.it\/wp-content\/uploads\/2017\/10\/8281a96a.png\"><div class=\"fusion-column-content-centered\"><div class=\"fusion-column-content\"><div class=\"fusion-text fusion-text-2\"><p style=\"text-align: center;\">Um Informationen \u00fcber die Verf\u00fcgbarkeit unserer Zimmer zu erhalten, f\u00fcllen Sie bitte dieses Formular aus: Wir werden uns so schnell wie m\u00f6glich bei Ihnen melden. Danke.<\/p>\n<\/div><div class=\"fusion-image-element fusion-image-align-center in-legacy-container\" style=\"text-align:center;--awb-caption-title-font-family:var(--h2_typography-font-family);--awb-caption-title-font-weight:var(--h2_typography-font-weight);--awb-caption-title-font-style:var(--h2_typography-font-style);--awb-caption-title-size:var(--h2_typography-font-size);--awb-caption-title-transform:var(--h2_typography-text-transform);--awb-caption-title-line-height:var(--h2_typography-line-height);--awb-caption-title-letter-spacing:var(--h2_typography-letter-spacing);\"><div class=\"imageframe-align-center\"><span class=\" fusion-imageframe imageframe-none imageframe-3 hover-type-none\"><img decoding=\"async\" width=\"150\" height=\"36\" alt=\"hotel san matteo\" title=\"decoro3\" src=\"data:image\/svg+xml,%3Csvg%20xmlns%3D%27http%3A%2F%2Fwww.w3.org%2F2000%2Fsvg%27%20width%3D%27154%27%20height%3D%2736%27%20viewBox%3D%270%200%20154%2036%27%3E%3Crect%20width%3D%27154%27%20height%3D%2736%27%20fill-opacity%3D%220%22%2F%3E%3C%2Fsvg%3E\" data-orig-src=\"https:\/\/www.hotelsanmatteo.it\/wp-content\/uploads\/2017\/10\/decoro3-150x36.png\" class=\"lazyload img-responsive wp-image-354\"\/><\/span><\/div><\/div><\/div><\/div><div class=\"fusion-clearfix\"><\/div><\/div><\/div><\/div><\/div><div class=\"fusion-fullwidth fullwidth-box fusion-builder-row-4 nonhundred-percent-fullwidth non-hundred-percent-height-scrolling\" style=\"--awb-background-position:center bottom;--awb-border-radius-top-left:0px;--awb-border-radius-top-right:0px;--awb-border-radius-bottom-right:0px;--awb-border-radius-bottom-left:0px;--awb-padding-top:0%;--awb-padding-right:0px;--awb-padding-bottom:0%;--awb-padding-left:0px;--awb-margin-top:0px;--awb-margin-bottom:0px;--awb-background-color:#601019;--awb-flex-wrap:wrap;\" ><div class=\"fusion-builder-row fusion-row\"><div class=\"fusion-layout-column fusion_builder_column fusion-builder-column-5 fusion_builder_column_1_6 1_6 fusion-one-sixth fusion-column-first fusion-column-no-min-height\" style=\"--awb-padding-top:80px;--awb-padding-bottom:0%;--awb-bg-size:cover;--awb-border-color:#f9f2e4;--awb-border-style:solid;--awb-margin-bottom:0px;width:16.666666666667%;width:calc(16.666666666667% - ( ( 4% + 4% ) * 0.16666666666667 ) );margin-right: 4%;\"><div class=\"fusion-column-wrapper fusion-flex-column-wrapper-legacy\"><div class=\"fusion-column-content-centered\"><div class=\"fusion-column-content\"><\/div><\/div><div class=\"fusion-clearfix\"><\/div><\/div><\/div><div class=\"fusion-layout-column fusion_builder_column fusion-builder-column-6 fusion_builder_column_2_3 2_3 fusion-two-third fusion-column-no-min-height\" style=\"--awb-padding-top:15%;--awb-padding-right:3%;--awb-padding-bottom:15%;--awb-padding-left:3%;--awb-bg-size:cover;--awb-border-color:#f9f2e4;--awb-border-style:solid;--awb-margin-bottom:0px;width:66.666666666667%;width:calc(66.666666666667% - ( ( 4% + 4% ) * 0.66666666666667 ) );margin-right: 4%;\"><div class=\"fusion-column-wrapper fusion-flex-column-wrapper-legacy\"><div class=\"fusion-column-content-centered\"><div class=\"fusion-column-content\"><div class=\"fusion-text fusion-text-3\">\n<div class=\"wpcf7 no-js\" id=\"wpcf7-f1629-o1\" lang=\"it-IT\" dir=\"ltr\">\n<div class=\"screen-reader-response\"><p role=\"status\" aria-live=\"polite\" aria-atomic=\"true\"><\/p> <ul><\/ul><\/div>\n<form action=\"\/de\/wp-json\/wp\/v2\/pages\/1432#wpcf7-f1629-o1\" method=\"post\" class=\"wpcf7-form init\" aria-label=\"Modulo di contatto\" novalidate=\"novalidate\" data-status=\"init\">\n<div style=\"display: none;\">\n<input type=\"hidden\" name=\"_wpcf7\" value=\"1629\" \/>\n<input type=\"hidden\" name=\"_wpcf7_version\" value=\"5.9.5\" \/>\n<input type=\"hidden\" name=\"_wpcf7_locale\" value=\"it_IT\" \/>\n<input type=\"hidden\" name=\"_wpcf7_unit_tag\" value=\"wpcf7-f1629-o1\" \/>\n<input type=\"hidden\" name=\"_wpcf7_container_post\" value=\"0\" \/>\n<input type=\"hidden\" name=\"_wpcf7_posted_data_hash\" value=\"\" \/>\n<input type=\"hidden\" name=\"_wpcf7_recaptcha_response\" value=\"\" \/>\n<\/div>\n<h3>\n\t<p style=\"text-align: left;\">PERS\u00d6NLICHE DATEN\n\t<\/p>\n<\/h3>\n<p><label>Name und Nachname*<span class=\"wpcf7-form-control-wrap\" data-name=\"Nome\"><input size=\"40\" class=\"wpcf7-form-control wpcf7-text wpcf7-validates-as-required\" aria-required=\"true\" aria-invalid=\"false\" value=\"\" type=\"text\" name=\"Nome\" \/><\/span><\/label>\n<\/p>\n<p><label>Email*<span class=\"wpcf7-form-control-wrap\" data-name=\"your-email\"><input size=\"40\" class=\"wpcf7-form-control wpcf7-email wpcf7-validates-as-required wpcf7-text wpcf7-validates-as-email\" aria-required=\"true\" aria-invalid=\"false\" value=\"\" type=\"email\" name=\"your-email\" \/><\/span><\/label>\n<\/p>\n<p><label>Telefon*<span class=\"wpcf7-form-control-wrap\" data-name=\"Telefono\"><input size=\"40\" class=\"wpcf7-form-control wpcf7-tel wpcf7-validates-as-required wpcf7-text wpcf7-validates-as-tel\" aria-required=\"true\" aria-invalid=\"false\" value=\"\" type=\"tel\" name=\"Telefono\" \/><\/span><\/label>\n<\/p>\n<h3>\n\t<p style=\"text-align: left;\">\u00dcBER IHREN AUFENTHALT\n\t<\/p>\n<\/h3>\n<p><label>Anreise*<span class=\"wpcf7-form-control-wrap\" data-name=\"arrivo\"><input class=\"wpcf7-form-control wpcf7-date wpcf7-validates-as-date\" aria-invalid=\"false\" value=\"\" type=\"date\" name=\"arrivo\" \/><\/span><\/label>\n<\/p>\n<p><label>Abfahrt*<span class=\"wpcf7-form-control-wrap\" data-name=\"partenza\"><input class=\"wpcf7-form-control wpcf7-date wpcf7-validates-as-date\" aria-invalid=\"false\" value=\"\" type=\"date\" name=\"partenza\" \/><\/span><\/label>\n<\/p>\n<p><label>Zimmer<span class=\"wpcf7-form-control-wrap\" data-name=\"menu-sistemazione\"><select class=\"wpcf7-form-control wpcf7-select\" aria-invalid=\"false\" name=\"menu-sistemazione\"><option value=\"Bicamera d\u00e9pendance\">Bicamera d\u00e9pendance<\/option><option value=\"Superior d\u00e9pendance\">Superior d\u00e9pendance<\/option><option value=\"Standard d\u00e9pendance\">Standard d\u00e9pendance<\/option><option value=\"Standard\">Standard<\/option><option value=\"Economy\">Economy<\/option><option value=\"Single\">Single<\/option><\/select><\/span><\/label>\n<\/p>\n<p><label><span class=\"wpcf7-form-control-wrap\" data-name=\"acceptance-726\"><span class=\"wpcf7-form-control wpcf7-acceptance\"><span class=\"wpcf7-list-item\"><input type=\"checkbox\" name=\"acceptance-726\" value=\"1\" checked=\"checked\" aria-invalid=\"false\" \/><\/span><\/span><\/span> \tIch erm\u00e4chtige Sie, um News zu posten<\/label>\n<\/p>\n<p><label>Kommentare \/ Anfragen<span class=\"wpcf7-form-control-wrap\" data-name=\"commenti\"><textarea cols=\"40\" rows=\"10\" class=\"wpcf7-form-control wpcf7-textarea\" aria-invalid=\"false\" name=\"commenti\"><\/textarea><\/span><\/label>\n<\/p>\n<p style=\"font-size: 16px;\">Daten mit einem Stern * sind erforderlich\n<\/p>\n\n<p><label><\/label>\n<\/p>\n<p><input class=\"wpcf7-form-control wpcf7-submit has-spinner\" type=\"submit\" value=\"SENDEN\" \/>\n<\/p><div class=\"fusion-alert alert custom alert-custom fusion-alert-center wpcf7-response-output fusion-alert-capitalize awb-alert-native-link-color alert-dismissable awb-alert-close-boxed\" style=\"--awb-border-top-left-radius:0px;--awb-border-top-right-radius:0px;--awb-border-bottom-left-radius:0px;--awb-border-bottom-right-radius:0px;\" role=\"alert\"><div class=\"fusion-alert-content-wrapper\"><span class=\"fusion-alert-content\"><\/span><\/div><button type=\"button\" class=\"close toggle-alert\" data-dismiss=\"alert\" aria-label=\"Chiudi\">&times;<\/button><\/div>\n<\/form>\n<\/div>\n\n<\/div><div class=\"fusion-image-element fusion-image-align-center in-legacy-container\" style=\"text-align:center;--awb-caption-title-font-family:var(--h2_typography-font-family);--awb-caption-title-font-weight:var(--h2_typography-font-weight);--awb-caption-title-font-style:var(--h2_typography-font-style);--awb-caption-title-size:var(--h2_typography-font-size);--awb-caption-title-transform:var(--h2_typography-text-transform);--awb-caption-title-line-height:var(--h2_typography-line-height);--awb-caption-title-letter-spacing:var(--h2_typography-letter-spacing);\"><div class=\"imageframe-align-center\"><span class=\" fusion-imageframe imageframe-none imageframe-4 hover-type-none fusion-animated\" data-animationType=\"fadeIn\" data-animationDuration=\"1.0\" data-animationOffset=\"top-into-view\"><img decoding=\"async\" width=\"180\" height=\"59\" alt=\"hotel a San Bartolomeo al Mare - decorazione\" title=\"decoro4\" src=\"data:image\/svg+xml,%3Csvg%20xmlns%3D%27http%3A%2F%2Fwww.w3.org%2F2000%2Fsvg%27%20width%3D%27180%27%20height%3D%2759%27%20viewBox%3D%270%200%20180%2059%27%3E%3Crect%20width%3D%27180%27%20height%3D%2759%27%20fill-opacity%3D%220%22%2F%3E%3C%2Fsvg%3E\" data-orig-src=\"https:\/\/www.hotelsanmatteo.it\/wp-content\/uploads\/2017\/10\/decoro4.png\" class=\"lazyload img-responsive wp-image-356\"\/><\/span><\/div><\/div><\/div><\/div><div class=\"fusion-clearfix\"><\/div><\/div><\/div><div class=\"fusion-layout-column fusion_builder_column fusion-builder-column-7 fusion_builder_column_1_6 1_6 fusion-one-sixth fusion-column-last fusion-column-no-min-height\" style=\"--awb-padding-top:80px;--awb-padding-bottom:0%;--awb-bg-size:cover;--awb-border-color:#f9f2e4;--awb-border-style:solid;--awb-margin-bottom:0px;width:16.666666666667%;width:calc(16.666666666667% - ( ( 4% + 4% ) * 0.16666666666667 ) );\"><div class=\"fusion-column-wrapper fusion-flex-column-wrapper-legacy\"><div class=\"fusion-column-content-centered\"><div class=\"fusion-column-content\"><\/div><\/div><div class=\"fusion-clearfix\"><\/div><\/div><\/div><\/div><\/div><\/p>\n","protected":false},"excerpt":{"rendered":"","protected":false},"author":1,"featured_media":0,"parent":0,"menu_order":0,"comment_status":"closed","ping_status":"closed","template":"100-width.php","meta":{"footnotes":""},"yoast_head":"<!-- This site is optimized with the Yoast SEO plugin v22.8 - https:\/\/yoast.com\/wordpress\/plugins\/seo\/ -->\n<title>Kontakt - hotelsanmatteo.it<\/title>\n<meta name=\"robots\" content=\"index, follow, max-snippet:-1, max-image-preview:large, max-video-preview:-1\" \/>\n<link rel=\"canonical\" href=\"https:\/\/www.hotelsanmatteo.it\/de\/kontakt\/\" \/>\n<meta property=\"og:locale\" content=\"de_DE\" \/>\n<meta property=\"og:type\" content=\"article\" \/>\n<meta property=\"og:title\" content=\"Kontakt - hotelsanmatteo.it\" \/>\n<meta property=\"og:url\" content=\"https:\/\/www.hotelsanmatteo.it\/de\/kontakt\/\" \/>\n<meta property=\"og:site_name\" content=\"hotelsanmatteo.it\" \/>\n<meta property=\"article:publisher\" content=\"https:\/\/www.facebook.com\/HotelRistoranteSanMatteo\/\" \/>\n<meta property=\"article:modified_time\" content=\"2018-05-10T16:29:19+00:00\" \/>\n<meta name=\"twitter:card\" content=\"summary_large_image\" \/>\n<meta name=\"twitter:label1\" content=\"Gesch\u00e4tzte Lesezeit\" \/>\n\t<meta name=\"twitter:data1\" content=\"7\u00a0Minuten\" \/>\n<script type=\"application\/ld+json\" class=\"yoast-schema-graph\">{\"@context\":\"https:\/\/schema.org\",\"@graph\":[{\"@type\":\"WebPage\",\"@id\":\"https:\/\/www.hotelsanmatteo.it\/de\/kontakt\/\",\"url\":\"https:\/\/www.hotelsanmatteo.it\/de\/kontakt\/\",\"name\":\"Kontakt - hotelsanmatteo.it\",\"isPartOf\":{\"@id\":\"https:\/\/www.hotelsanmatteo.it\/#website\"},\"datePublished\":\"2018-04-13T08:00:00+00:00\",\"dateModified\":\"2018-05-10T16:29:19+00:00\",\"breadcrumb\":{\"@id\":\"https:\/\/www.hotelsanmatteo.it\/de\/kontakt\/#breadcrumb\"},\"inLanguage\":\"de\",\"potentialAction\":[{\"@type\":\"ReadAction\",\"target\":[\"https:\/\/www.hotelsanmatteo.it\/de\/kontakt\/\"]}]},{\"@type\":\"BreadcrumbList\",\"@id\":\"https:\/\/www.hotelsanmatteo.it\/de\/kontakt\/#breadcrumb\",\"itemListElement\":[{\"@type\":\"ListItem\",\"position\":1,\"name\":\"Home\",\"item\":\"https:\/\/www.hotelsanmatteo.it\/de\/\"},{\"@type\":\"ListItem\",\"position\":2,\"name\":\"Kontakt\"}]},{\"@type\":\"WebSite\",\"@id\":\"https:\/\/www.hotelsanmatteo.it\/#website\",\"url\":\"https:\/\/www.hotelsanmatteo.it\/\",\"name\":\"hotelsanmatteo.it\",\"description\":\"Hotel San Matteo - Un&#039;oasi di tranquillit\u00e0 immersa nel verde\",\"publisher\":{\"@id\":\"https:\/\/www.hotelsanmatteo.it\/#organization\"},\"potentialAction\":[{\"@type\":\"SearchAction\",\"target\":{\"@type\":\"EntryPoint\",\"urlTemplate\":\"https:\/\/www.hotelsanmatteo.it\/?s={search_term_string}\"},\"query-input\":\"required name=search_term_string\"}],\"inLanguage\":\"de\"},{\"@type\":\"Organization\",\"@id\":\"https:\/\/www.hotelsanmatteo.it\/#organization\",\"name\":\"Hotel Ristorante San Matteo***\",\"url\":\"https:\/\/www.hotelsanmatteo.it\/\",\"logo\":{\"@type\":\"ImageObject\",\"inLanguage\":\"de\",\"@id\":\"https:\/\/www.hotelsanmatteo.it\/#\/schema\/logo\/image\/\",\"url\":\"https:\/\/www.hotelsanmatteo.it\/wp-content\/uploads\/2017\/10\/logo-HotelSanMatteo-360px.png\",\"contentUrl\":\"https:\/\/www.hotelsanmatteo.it\/wp-content\/uploads\/2017\/10\/logo-HotelSanMatteo-360px.png\",\"width\":360,\"height\":98,\"caption\":\"Hotel Ristorante San Matteo***\"},\"image\":{\"@id\":\"https:\/\/www.hotelsanmatteo.it\/#\/schema\/logo\/image\/\"},\"sameAs\":[\"https:\/\/www.facebook.com\/HotelRistoranteSanMatteo\/\"]}]}<\/script>\n<!-- \/ Yoast SEO plugin. -->","yoast_head_json":{"title":"Kontakt - hotelsanmatteo.it","robots":{"index":"index","follow":"follow","max-snippet":"max-snippet:-1","max-image-preview":"max-image-preview:large","max-video-preview":"max-video-preview:-1"},"canonical":"https:\/\/www.hotelsanmatteo.it\/de\/kontakt\/","og_locale":"de_DE","og_type":"article","og_title":"Kontakt - hotelsanmatteo.it","og_url":"https:\/\/www.hotelsanmatteo.it\/de\/kontakt\/","og_site_name":"hotelsanmatteo.it","article_publisher":"https:\/\/www.facebook.com\/HotelRistoranteSanMatteo\/","article_modified_time":"2018-05-10T16:29:19+00:00","twitter_card":"summary_large_image","twitter_misc":{"Gesch\u00e4tzte Lesezeit":"7\u00a0Minuten"},"schema":{"@context":"https:\/\/schema.org","@graph":[{"@type":"WebPage","@id":"https:\/\/www.hotelsanmatteo.it\/de\/kontakt\/","url":"https:\/\/www.hotelsanmatteo.it\/de\/kontakt\/","name":"Kontakt - hotelsanmatteo.it","isPartOf":{"@id":"https:\/\/www.hotelsanmatteo.it\/#website"},"datePublished":"2018-04-13T08:00:00+00:00","dateModified":"2018-05-10T16:29:19+00:00","breadcrumb":{"@id":"https:\/\/www.hotelsanmatteo.it\/de\/kontakt\/#breadcrumb"},"inLanguage":"de","potentialAction":[{"@type":"ReadAction","target":["https:\/\/www.hotelsanmatteo.it\/de\/kontakt\/"]}]},{"@type":"BreadcrumbList","@id":"https:\/\/www.hotelsanmatteo.it\/de\/kontakt\/#breadcrumb","itemListElement":[{"@type":"ListItem","position":1,"name":"Home","item":"https:\/\/www.hotelsanmatteo.it\/de\/"},{"@type":"ListItem","position":2,"name":"Kontakt"}]},{"@type":"WebSite","@id":"https:\/\/www.hotelsanmatteo.it\/#website","url":"https:\/\/www.hotelsanmatteo.it\/","name":"hotelsanmatteo.it","description":"Hotel San Matteo - Un&#039;oasi di tranquillit\u00e0 immersa nel verde","publisher":{"@id":"https:\/\/www.hotelsanmatteo.it\/#organization"},"potentialAction":[{"@type":"SearchAction","target":{"@type":"EntryPoint","urlTemplate":"https:\/\/www.hotelsanmatteo.it\/?s={search_term_string}"},"query-input":"required name=search_term_string"}],"inLanguage":"de"},{"@type":"Organization","@id":"https:\/\/www.hotelsanmatteo.it\/#organization","name":"Hotel Ristorante San Matteo***","url":"https:\/\/www.hotelsanmatteo.it\/","logo":{"@type":"ImageObject","inLanguage":"de","@id":"https:\/\/www.hotelsanmatteo.it\/#\/schema\/logo\/image\/","url":"https:\/\/www.hotelsanmatteo.it\/wp-content\/uploads\/2017\/10\/logo-HotelSanMatteo-360px.png","contentUrl":"https:\/\/www.hotelsanmatteo.it\/wp-content\/uploads\/2017\/10\/logo-HotelSanMatteo-360px.png","width":360,"height":98,"caption":"Hotel Ristorante San Matteo***"},"image":{"@id":"https:\/\/www.hotelsanmatteo.it\/#\/schema\/logo\/image\/"},"sameAs":["https:\/\/www.facebook.com\/HotelRistoranteSanMatteo\/"]}]}},"_links":{"self":[{"href":"https:\/\/www.hotelsanmatteo.it\/de\/wp-json\/wp\/v2\/pages\/1432"}],"collection":[{"href":"https:\/\/www.hotelsanmatteo.it\/de\/wp-json\/wp\/v2\/pages"}],"about":[{"href":"https:\/\/www.hotelsanmatteo.it\/de\/wp-json\/wp\/v2\/types\/page"}],"author":[{"embeddable":true,"href":"https:\/\/www.hotelsanmatteo.it\/de\/wp-json\/wp\/v2\/users\/1"}],"replies":[{"embeddable":true,"href":"https:\/\/www.hotelsanmatteo.it\/de\/wp-json\/wp\/v2\/comments?post=1432"}],"version-history":[{"count":4,"href":"https:\/\/www.hotelsanmatteo.it\/de\/wp-json\/wp\/v2\/pages\/1432\/revisions"}],"predecessor-version":[{"id":1630,"href":"https:\/\/www.hotelsanmatteo.it\/de\/wp-json\/wp\/v2\/pages\/1432\/revisions\/1630"}],"wp:attachment":[{"href":"https:\/\/www.hotelsanmatteo.it\/de\/wp-json\/wp\/v2\/media?parent=1432"}],"curies":[{"name":"wp","href":"https:\/\/api.w.org\/{rel}","templated":true}]}}