{"id":1684,"date":"2018-05-18T08:45:16","date_gmt":"2018-05-18T08:45:16","guid":{"rendered":"https:\/\/www.hotelsanmatteo.it\/?page_id=1684"},"modified":"2024-10-01T15:21:19","modified_gmt":"2024-10-01T15:21:19","slug":"privacy-policy","status":"publish","type":"page","link":"https:\/\/www.hotelsanmatteo.it\/de\/privacy-policy\/","title":{"rendered":"Privacy Policy"},"content":{"rendered":"<div class=\"fusion-fullwidth fullwidth-box fusion-builder-row-1 fusion-flex-container nonhundred-percent-fullwidth non-hundred-percent-height-scrolling\" style=\"--awb-border-radius-top-left:0px;--awb-border-radius-top-right:0px;--awb-border-radius-bottom-right:0px;--awb-border-radius-bottom-left:0px;--awb-flex-wrap:wrap;\" ><div class=\"fusion-builder-row fusion-row fusion-flex-align-items-flex-start fusion-flex-content-wrap\" style=\"max-width:1144px;margin-left: calc(-4% \/ 2 );margin-right: calc(-4% \/ 2 );\"><div class=\"fusion-layout-column fusion_builder_column fusion-builder-column-0 fusion_builder_column_1_1 1_1 fusion-flex-column\" style=\"--awb-bg-size:cover;--awb-width-large:100%;--awb-margin-top-large:0px;--awb-spacing-right-large:1.92%;--awb-margin-bottom-large:0px;--awb-spacing-left-large:1.92%;--awb-width-medium:100%;--awb-spacing-right-medium:1.92%;--awb-spacing-left-medium:1.92%;--awb-width-small:100%;--awb-spacing-right-small:1.92%;--awb-spacing-left-small:1.92%;\"><div class=\"fusion-column-wrapper fusion-flex-justify-content-flex-start fusion-content-layout-column\"><div class=\"fusion-text fusion-text-1\"><h1 class=\"privacy-policy-h1\">Privacy Policy<\/h1>\n<p>Zuletzt aktualisiert am 01-Okt-2024<\/p>\n<p>Datum des Inkrafttretens 01-Okt-2024<\/p>\n<p class=\"privacy-policy-p\">Die vorliegende Datenschutzerkl\u00e4rung beschreibt die Politik des Hotels San Matteo, Via Faraldi 77, San Bartolomeo al Mare (IM)18016, Italien, E-Mail: <a href=\"mailto:info@hotelsanmatteo.it\">info@hotelsanmatteo.it<\/a>, Telefon: <a href=\"tel:+39 0183 400275\">+39 0183 400275<\/a> \u00fcber die Erfassung,<br \/>\nNutzung und Offenlegung Ihrer Daten, die wir bei der Nutzung unserer Website ( https:\/\/www.hotelsanmatteo.it ). (der \u201eDienst\u201c). Indem Sie auf den Service zugreifen oder ihn nutzen, erkl\u00e4ren Sie sich mit der Erfassung, Nutzung und Weitergabe Ihrer Daten gem\u00e4\u00df der vorliegenden Datenschutzrichtlinie einverstanden. Wenn Sie damit nicht einverstanden sind, bitten wir Sie, den Dienst nicht zu nutzen.<\/p>\n<p class=\"privacy-policy-p\">Wir k\u00f6nnen diese Datenschutzrichtlinie jederzeit ohne vorherige Benachrichtigung an Sie \u00e4ndern und werden die \u00fcberarbeitete Datenschutzrichtlinie im Dienst ver\u00f6ffentlichen. Die ge\u00e4nderte Richtlinie tritt 180 Tage nach der Ver\u00f6ffentlichung der ge\u00e4nderten Richtlinie im Dienst in Kraft, und wenn Sie nach diesem Zeitpunkt weiterhin auf den Dienst zugreifen oder ihn nutzen, erkl\u00e4ren Sie sich mit der ge\u00e4nderten Datenschutzrichtlinie einverstanden. Wir empfehlen Ihnen daher, diese Seite regelm\u00e4\u00dfig zu \u00fcberpr\u00fcfen.<\/p>\n<ol class=\"privacy-policy-ol\">\n<li>\n<h2 class=\"privacy-policy-h2\">Wie wir Ihre Informationen verwenden:<\/h2>\n<p class=\"privacy-policy-p\">Wir werden die Informationen, die wir \u00fcber Sie sammeln, f\u00fcr die folgenden Zwecke verwenden:<\/p>\n<ol class=\"privacy-policy-ol\">\n<li>Informationen zur Verwaltung<\/li>\n<li>Schutz des Standorts<\/li>\n<\/ol>\n<p class=\"privacy-policy-p\">Wenn wir Ihre Daten f\u00fcr einen anderen Zweck verwenden wollen, werden wir Sie um Ihre Zustimmung bitten und Ihre Daten nur nach Erhalt Ihrer Zustimmung und dann nur f\u00fcr den\/die Zweck(e) verwenden, f\u00fcr den\/die Sie Ihre Zustimmung erteilt haben, es sei denn, wir sind gesetzlich zu etwas anderem verpflichtet.<\/p>\n<\/li>\n<li>\n<h2 class=\"privacy-policy-h2\">Wie wir Ihre Informationen weitergeben:<\/h2>\n<p class=\"privacy-policy-p\">Wir werden Ihre pers\u00f6nlichen Daten nicht an Dritte weitergeben, ohne Ihre Zustimmung einzuholen, au\u00dfer unter den im Folgenden beschriebenen begrenzten Umst\u00e4nden:<\/p>\n<ol class=\"privacy-policy-ol\">\n<li>Analytik<\/li>\n<\/ol>\n<p class=\"privacy-policy-p\">Wir verlangen von diesen Dritten, dass sie die personenbezogenen Daten, die wir ihnen \u00fcbermitteln, nur f\u00fcr den Zweck verwenden, f\u00fcr den sie \u00fcbermittelt wurden, und sie nicht l\u00e4nger aufbewahren, als es f\u00fcr die Erf\u00fcllung des genannten Zwecks erforderlich ist.<\/p>\n<p class=\"privacy-policy-p\">Wir k\u00f6nnen Ihre pers\u00f6nlichen Daten auch aus den folgenden Gr\u00fcnden offenlegen: (1) um geltendem Recht, Vorschriften, Gerichtsbeschl\u00fcssen oder anderen rechtlichen Verfahren nachzukommen; (2) um Ihre Vereinbarungen mit uns, einschlie\u00dflich dieser Datenschutzrichtlinie, durchzusetzen; oder (3) um auf Klagen zu reagieren, dass Ihre Nutzung des Dienstes die Rechte Dritter verletzt. Falls der Dienst oder unser Unternehmen mit einem anderen Unternehmen fusioniert oder \u00fcbernommen wird, geh\u00f6ren Ihre Daten zu den Verm\u00f6genswerten, die auf den neuen Eigent\u00fcmer \u00fcbertragen werden.<\/p>\n<\/li>\n<li>\n<h2 class=\"privacy-policy-h2\">Ihre Rechte:<\/h2>\n<p class=\"privacy-policy-p\">Je nach geltendem Recht haben Sie das Recht, auf Ihre personenbezogenen Daten zuzugreifen und sie zu berichtigen oder zu l\u00f6schen oder eine Kopie Ihrer personenbezogenen Daten zu erhalten, die aktive Verarbeitung Ihrer Daten einzuschr\u00e4nken oder ihr zu widersprechen, uns aufzufordern, Ihre personenbezogenen Daten an eine andere Stelle weiterzugeben (zu portieren), die uns erteilte Zustimmung zur Verarbeitung Ihrer Daten zu widerrufen, das Recht, eine Beschwerde bei einer gesetzlichen Beh\u00f6rde einzureichen, sowie weitere Rechte, die nach geltendem Recht relevant sein k\u00f6nnen. Um diese Rechte auszu\u00fcben, k\u00f6nnen Sie sich schriftlich an uns wenden: info@hotelsanmatteo.it.<br \/>\nWir werden Ihre Anfrage in \u00dcbereinstimmung mit dem geltenden Recht beantworten.<\/p>\n<p class=\"privacy-policy-p\">Bitte beachten Sie, dass Sie m\u00f6glicherweise nicht in der Lage sind, auf die Dienste zuzugreifen oder diese zu nutzen, f\u00fcr die Ihre Daten angefordert wurden, wenn Sie uns nicht gestatten, die erforderlichen personenbezogenen Daten zu sammeln oder zu verarbeiten, oder wenn Sie Ihre Zustimmung zur Verarbeitung dieser Daten f\u00fcr die erforderlichen Zwecke zur\u00fcckziehen.<\/p>\n<\/li>\n<li>\n<h2 class=\"privacy-policy-h2\">Cookies Etc.<\/h2>\n<p class=\"privacy-policy-p\">Wenn Sie mehr dar\u00fcber erfahren m\u00f6chten, wie wir diese Technologien verwenden und welche M\u00f6glichkeiten Sie in Bezug auf diese Tracking-Technologien haben, lesen Sie bitte unsere <a href=\"https:\/\/www.hotelsanmatteo.it\/de\/cookie-policy\/\"> Cookie Policy.<\/a><\/p>\n<\/li>\n<li>\n<h2 class=\"privacy-policy-h2\">Sicherheit:<\/h2>\n<p class=\"privacy-policy-p\">Die Sicherheit Ihrer Daten ist uns wichtig, und wir werden angemessene Sicherheitsma\u00dfnahmen ergreifen, um den Verlust, den Missbrauch oder die unbefugte \u00c4nderung Ihrer Daten unter unserer Kontrolle zu verhindern. In Anbetracht der inh\u00e4renten Risiken k\u00f6nnen wir jedoch keine absolute Sicherheit garantieren. Folglich k\u00f6nnen wir die Sicherheit von Informationen, die Sie uns \u00fcbermitteln, weder gew\u00e4hrleisten noch garantieren, und Sie tun dies auf eigenes Risiko.<\/p>\n<\/li>\n<li>\n<h2 class=\"privacy-policy-h2\">Links zu Dritten und Verwendung Ihrer Informationen:<\/h2>\n<p class=\"privacy-policy-p\">Unser Service kann Links zu anderen Websites enthalten, die nicht von uns betrieben werden. Diese Datenschutzrichtlinie bezieht sich nicht auf die Datenschutzrichtlinien und andere Praktiken Dritter, einschlie\u00dflich Dritter, die eine Website oder einen Dienst betreiben, der \u00fcber einen Link im Dienst zug\u00e4nglich ist. Wir empfehlen Ihnen dringend, die Datenschutzrichtlinien jeder Website, die Sie besuchen, zu \u00fcberpr\u00fcfen. Wir haben keine Kontrolle \u00fcber und \u00fcbernehmen keine Verantwortung f\u00fcr die Inhalte, Datenschutzrichtlinien oder Praktiken von Websites oder Diensten Dritter.<\/p>\n<\/li>\n<li>\n<h2 class=\"privacy-policy-h2\">Beschwerde-\/Datenschutzbeauftragter:<\/h2>\n<p class=\"privacy-policy-p\">Wenn Sie Fragen oder Bedenken hinsichtlich der Verarbeitung Ihrer bei uns vorhandenen Daten haben, k\u00f6nnen Sie sich per E-Mail an unseren Beschwerdebeauftragten im Hotel San Matteo, Via Faraldi 77, wenden: info@hotelsanmatteo.it. Wir werden Ihre Bedenken in \u00dcbereinstimmung mit dem geltenden Recht behandeln.<\/p>\n<\/li>\n<\/ol>\n<p class=\"privacy-policy-p\">Privacy Policy erstellt mit <a href=\"https:\/\/www.cookieyes.com\/?utm_source=PP&amp;utm_medium=footer&amp;utm_campaign=UW\" target=\"_blank\" rel=\"noopener\">CookieYes<\/a>.<\/p>\n<\/div><\/div><\/div><\/div><\/div>\n","protected":false},"excerpt":{"rendered":"","protected":false},"author":1,"featured_media":0,"parent":0,"menu_order":0,"comment_status":"closed","ping_status":"closed","template":"","meta":{"footnotes":""},"yoast_head":"<!-- This site is optimized with the Yoast SEO plugin v22.8 - https:\/\/yoast.com\/wordpress\/plugins\/seo\/ -->\n<title>Privacy Policy - hotelsanmatteo.it<\/title>\n<meta name=\"robots\" content=\"index, follow, max-snippet:-1, max-image-preview:large, max-video-preview:-1\" \/>\n<link rel=\"canonical\" href=\"https:\/\/www.hotelsanmatteo.it\/de\/privacy-policy\/\" \/>\n<meta property=\"og:locale\" content=\"de_DE\" \/>\n<meta property=\"og:type\" content=\"article\" \/>\n<meta property=\"og:title\" content=\"Privacy Policy - hotelsanmatteo.it\" \/>\n<meta property=\"og:url\" content=\"https:\/\/www.hotelsanmatteo.it\/de\/privacy-policy\/\" \/>\n<meta property=\"og:site_name\" content=\"hotelsanmatteo.it\" \/>\n<meta property=\"article:publisher\" content=\"https:\/\/www.facebook.com\/HotelRistoranteSanMatteo\/\" \/>\n<meta property=\"article:modified_time\" content=\"2024-10-01T15:21:19+00:00\" \/>\n<meta name=\"twitter:card\" content=\"summary_large_image\" \/>\n<meta name=\"twitter:label1\" content=\"Gesch\u00e4tzte Lesezeit\" \/>\n\t<meta name=\"twitter:data1\" content=\"5\u00a0Minuten\" \/>\n<script type=\"application\/ld+json\" class=\"yoast-schema-graph\">{\"@context\":\"https:\/\/schema.org\",\"@graph\":[{\"@type\":\"WebPage\",\"@id\":\"https:\/\/www.hotelsanmatteo.it\/de\/privacy-policy\/\",\"url\":\"https:\/\/www.hotelsanmatteo.it\/de\/privacy-policy\/\",\"name\":\"Privacy Policy - hotelsanmatteo.it\",\"isPartOf\":{\"@id\":\"https:\/\/www.hotelsanmatteo.it\/#website\"},\"datePublished\":\"2018-05-18T08:45:16+00:00\",\"dateModified\":\"2024-10-01T15:21:19+00:00\",\"breadcrumb\":{\"@id\":\"https:\/\/www.hotelsanmatteo.it\/de\/privacy-policy\/#breadcrumb\"},\"inLanguage\":\"de\",\"potentialAction\":[{\"@type\":\"ReadAction\",\"target\":[\"https:\/\/www.hotelsanmatteo.it\/de\/privacy-policy\/\"]}]},{\"@type\":\"BreadcrumbList\",\"@id\":\"https:\/\/www.hotelsanmatteo.it\/de\/privacy-policy\/#breadcrumb\",\"itemListElement\":[{\"@type\":\"ListItem\",\"position\":1,\"name\":\"Home\",\"item\":\"https:\/\/www.hotelsanmatteo.it\/de\/\"},{\"@type\":\"ListItem\",\"position\":2,\"name\":\"Privacy Policy\"}]},{\"@type\":\"WebSite\",\"@id\":\"https:\/\/www.hotelsanmatteo.it\/#website\",\"url\":\"https:\/\/www.hotelsanmatteo.it\/\",\"name\":\"hotelsanmatteo.it\",\"description\":\"Hotel San Matteo - Un&#039;oasi di tranquillit\u00e0 immersa nel verde\",\"publisher\":{\"@id\":\"https:\/\/www.hotelsanmatteo.it\/#organization\"},\"potentialAction\":[{\"@type\":\"SearchAction\",\"target\":{\"@type\":\"EntryPoint\",\"urlTemplate\":\"https:\/\/www.hotelsanmatteo.it\/?s={search_term_string}\"},\"query-input\":\"required name=search_term_string\"}],\"inLanguage\":\"de\"},{\"@type\":\"Organization\",\"@id\":\"https:\/\/www.hotelsanmatteo.it\/#organization\",\"name\":\"Hotel Ristorante San Matteo***\",\"url\":\"https:\/\/www.hotelsanmatteo.it\/\",\"logo\":{\"@type\":\"ImageObject\",\"inLanguage\":\"de\",\"@id\":\"https:\/\/www.hotelsanmatteo.it\/#\/schema\/logo\/image\/\",\"url\":\"https:\/\/www.hotelsanmatteo.it\/wp-content\/uploads\/2017\/10\/logo-HotelSanMatteo-360px.png\",\"contentUrl\":\"https:\/\/www.hotelsanmatteo.it\/wp-content\/uploads\/2017\/10\/logo-HotelSanMatteo-360px.png\",\"width\":360,\"height\":98,\"caption\":\"Hotel Ristorante San Matteo***\"},\"image\":{\"@id\":\"https:\/\/www.hotelsanmatteo.it\/#\/schema\/logo\/image\/\"},\"sameAs\":[\"https:\/\/www.facebook.com\/HotelRistoranteSanMatteo\/\"]}]}<\/script>\n<!-- \/ Yoast SEO plugin. -->","yoast_head_json":{"title":"Privacy Policy - hotelsanmatteo.it","robots":{"index":"index","follow":"follow","max-snippet":"max-snippet:-1","max-image-preview":"max-image-preview:large","max-video-preview":"max-video-preview:-1"},"canonical":"https:\/\/www.hotelsanmatteo.it\/de\/privacy-policy\/","og_locale":"de_DE","og_type":"article","og_title":"Privacy Policy - hotelsanmatteo.it","og_url":"https:\/\/www.hotelsanmatteo.it\/de\/privacy-policy\/","og_site_name":"hotelsanmatteo.it","article_publisher":"https:\/\/www.facebook.com\/HotelRistoranteSanMatteo\/","article_modified_time":"2024-10-01T15:21:19+00:00","twitter_card":"summary_large_image","twitter_misc":{"Gesch\u00e4tzte Lesezeit":"5\u00a0Minuten"},"schema":{"@context":"https:\/\/schema.org","@graph":[{"@type":"WebPage","@id":"https:\/\/www.hotelsanmatteo.it\/de\/privacy-policy\/","url":"https:\/\/www.hotelsanmatteo.it\/de\/privacy-policy\/","name":"Privacy Policy - hotelsanmatteo.it","isPartOf":{"@id":"https:\/\/www.hotelsanmatteo.it\/#website"},"datePublished":"2018-05-18T08:45:16+00:00","dateModified":"2024-10-01T15:21:19+00:00","breadcrumb":{"@id":"https:\/\/www.hotelsanmatteo.it\/de\/privacy-policy\/#breadcrumb"},"inLanguage":"de","potentialAction":[{"@type":"ReadAction","target":["https:\/\/www.hotelsanmatteo.it\/de\/privacy-policy\/"]}]},{"@type":"BreadcrumbList","@id":"https:\/\/www.hotelsanmatteo.it\/de\/privacy-policy\/#breadcrumb","itemListElement":[{"@type":"ListItem","position":1,"name":"Home","item":"https:\/\/www.hotelsanmatteo.it\/de\/"},{"@type":"ListItem","position":2,"name":"Privacy Policy"}]},{"@type":"WebSite","@id":"https:\/\/www.hotelsanmatteo.it\/#website","url":"https:\/\/www.hotelsanmatteo.it\/","name":"hotelsanmatteo.it","description":"Hotel San Matteo - Un&#039;oasi di tranquillit\u00e0 immersa nel verde","publisher":{"@id":"https:\/\/www.hotelsanmatteo.it\/#organization"},"potentialAction":[{"@type":"SearchAction","target":{"@type":"EntryPoint","urlTemplate":"https:\/\/www.hotelsanmatteo.it\/?s={search_term_string}"},"query-input":"required name=search_term_string"}],"inLanguage":"de"},{"@type":"Organization","@id":"https:\/\/www.hotelsanmatteo.it\/#organization","name":"Hotel Ristorante San Matteo***","url":"https:\/\/www.hotelsanmatteo.it\/","logo":{"@type":"ImageObject","inLanguage":"de","@id":"https:\/\/www.hotelsanmatteo.it\/#\/schema\/logo\/image\/","url":"https:\/\/www.hotelsanmatteo.it\/wp-content\/uploads\/2017\/10\/logo-HotelSanMatteo-360px.png","contentUrl":"https:\/\/www.hotelsanmatteo.it\/wp-content\/uploads\/2017\/10\/logo-HotelSanMatteo-360px.png","width":360,"height":98,"caption":"Hotel Ristorante San Matteo***"},"image":{"@id":"https:\/\/www.hotelsanmatteo.it\/#\/schema\/logo\/image\/"},"sameAs":["https:\/\/www.facebook.com\/HotelRistoranteSanMatteo\/"]}]}},"_links":{"self":[{"href":"https:\/\/www.hotelsanmatteo.it\/de\/wp-json\/wp\/v2\/pages\/1684"}],"collection":[{"href":"https:\/\/www.hotelsanmatteo.it\/de\/wp-json\/wp\/v2\/pages"}],"about":[{"href":"https:\/\/www.hotelsanmatteo.it\/de\/wp-json\/wp\/v2\/types\/page"}],"author":[{"embeddable":true,"href":"https:\/\/www.hotelsanmatteo.it\/de\/wp-json\/wp\/v2\/users\/1"}],"replies":[{"embeddable":true,"href":"https:\/\/www.hotelsanmatteo.it\/de\/wp-json\/wp\/v2\/comments?post=1684"}],"version-history":[{"count":7,"href":"https:\/\/www.hotelsanmatteo.it\/de\/wp-json\/wp\/v2\/pages\/1684\/revisions"}],"predecessor-version":[{"id":7025,"href":"https:\/\/www.hotelsanmatteo.it\/de\/wp-json\/wp\/v2\/pages\/1684\/revisions\/7025"}],"wp:attachment":[{"href":"https:\/\/www.hotelsanmatteo.it\/de\/wp-json\/wp\/v2\/media?parent=1684"}],"curies":[{"name":"wp","href":"https:\/\/api.w.org\/{rel}","templated":true}]}}