{"id":6986,"date":"2024-10-01T15:12:56","date_gmt":"2024-10-01T15:12:56","guid":{"rendered":"https:\/\/www.hotelsanmatteo.it\/?page_id=6986"},"modified":"2024-10-01T15:12:56","modified_gmt":"2024-10-01T15:12:56","slug":"cookie-policy","status":"publish","type":"page","link":"https:\/\/www.hotelsanmatteo.it\/de\/cookie-policy\/","title":{"rendered":"Cookie Policy"},"content":{"rendered":"<div class=\"fusion-fullwidth fullwidth-box fusion-builder-row-1 fusion-flex-container nonhundred-percent-fullwidth non-hundred-percent-height-scrolling\" style=\"--awb-border-radius-top-left:0px;--awb-border-radius-top-right:0px;--awb-border-radius-bottom-right:0px;--awb-border-radius-bottom-left:0px;--awb-flex-wrap:wrap;\" ><div class=\"fusion-builder-row fusion-row fusion-flex-align-items-flex-start fusion-flex-content-wrap\" style=\"max-width:1144px;margin-left: calc(-4% \/ 2 );margin-right: calc(-4% \/ 2 );\"><div class=\"fusion-layout-column fusion_builder_column fusion-builder-column-0 fusion_builder_column_1_1 1_1 fusion-flex-column\" style=\"--awb-bg-size:cover;--awb-width-large:100%;--awb-margin-top-large:0px;--awb-spacing-right-large:1.92%;--awb-margin-bottom-large:0px;--awb-spacing-left-large:1.92%;--awb-width-medium:100%;--awb-spacing-right-medium:1.92%;--awb-spacing-left-medium:1.92%;--awb-width-small:100%;--awb-spacing-right-small:1.92%;--awb-spacing-left-small:1.92%;\"><div class=\"fusion-column-wrapper fusion-flex-justify-content-flex-start fusion-content-layout-column\"><div class=\"fusion-text fusion-text-1\"><style>\n    a.cky-banner-element {<br \/>        padding: 8px 30px;<br \/>        background: #F8F9FA;<br \/>        color: #858A8F;<br \/>        border: 1px solid #DEE2E6;<br \/>        box-sizing: border-box;<br \/>        border-radius: 2px;<br \/>        cursor: pointer;<br \/>}<br \/><\/style>\n<h1 class=\"cookie-policy-h1\">Cookie Policy<\/h1>\n<p>Datum des Inkrafttretens: 01-Okt-2024<br \/>\nZuletzt aktualisiert: 01-Okt-2024<\/p>\n<p>&nbsp;<\/p>\n<h3>Was sind Cookies?<\/h3>\n<div class=\"cookie-policy-p\">\n<p>Diese Cookie-Richtlinie erkl\u00e4rt, was Cookies sind und wie wir sie verwenden, welche Arten von Cookies wir verwenden, welche Informationen wir mit Hilfe von Cookies sammeln und wie diese Informationen verwendet werden, und wie Sie die Cookie-Einstellungen verwalten k\u00f6nnen.<\/p>\n<p>Cookies sind kleine Textdateien, die dazu dienen, kleine Informationen zu speichern. Sie werden auf Ihrem Ger\u00e4t gespeichert, wenn die Website \u00fcber Ihren Browser geladen wird. Diese Cookies helfen uns, die Website ordnungsgem\u00e4\u00df funktionieren zu lassen, sie sicherer zu machen, die Benutzerfreundlichkeit zu verbessern und zu verstehen, wie die Website funktioniert, um zu analysieren, was funktioniert und wo sie verbessert werden muss.<\/p>\n<\/div>\n<p>&nbsp;<\/p>\n<h3>Wie verwenden wir Cookies?<\/h3>\n<div class=\"cookie-policy-p\">\n<p>Wie die meisten Online-Dienste verwendet auch unsere Website Erstanbieter- und Drittanbieter-Cookies f\u00fcr verschiedene Zwecke. Cookies von Erstanbietern sind meist notwendig, damit die Website richtig funktioniert, und sie sammeln keine personenbezogenen Daten.<\/p>\n<p>Die Cookies von Drittanbietern, die auf unserer Website verwendet werden, dienen haupts\u00e4chlich dazu, zu verstehen, wie die Website funktioniert, wie Sie mit unserer Website interagieren, unsere Dienste sicher zu halten, Ihnen f\u00fcr Sie relevante Werbung zu liefern und Ihnen insgesamt eine bessere und verbesserte Benutzererfahrung zu bieten und Ihre zuk\u00fcnftigen Interaktionen mit unserer Website zu beschleunigen.<\/p>\n<\/div>\n<p>&nbsp;<\/p>\n<h3>Arten von Cookies, die wir verwenden<\/h3>\n<div class=\"cky-audit-table-element\"><\/div>\n<p>&nbsp;<\/p>\n<h3 style=\"margin-bottom: 20px;\">Cookie-Einstellungen verwalten<\/h3>\n<p><a class=\"cky-banner-element\">Cookie-Einstellungen<\/a><\/p>\n<div>\n<p>Sie k\u00f6nnen Ihre Cookie-Einstellungen jederzeit \u00e4ndern, indem Sie auf die obige Schaltfl\u00e4che klicken. So k\u00f6nnen Sie das Cookie-Einwilligungsbanner erneut aufrufen und Ihre Einstellungen \u00e4ndern oder Ihre Einwilligung sofort widerrufen.<\/p>\n<p>Dar\u00fcber hinaus bieten verschiedene Browser unterschiedliche Methoden zum Blockieren und L\u00f6schen von Cookies, die von Websites verwendet werden. Sie k\u00f6nnen die Einstellungen Ihres Browsers \u00e4ndern, um die Cookies zu blockieren\/l\u00f6schen. Nachstehend finden Sie Links zu den Support-Dokumenten der wichtigsten Webbrowser, die Ihnen zeigen, wie Sie Cookies verwalten und l\u00f6schen k\u00f6nnen.<\/p>\n<p>Chrome: <a href=\"https:\/\/support.google.com\/accounts\/answer\/32050\" target=\"_blank\" rel=\"noopener\">https:\/\/support.google.com\/accounts\/answer\/32050<\/a><\/p>\n<p>Safari: <a href=\"https:\/\/support.apple.com\/en-in\/guide\/safari\/sfri11471\/mac\" target=\"_blank\" rel=\"noopener\">https:\/\/support.apple.com\/en-in\/guide\/safari\/sfri11471\/mac<\/a><\/p>\n<p>Firefox: <a href=\"https:\/\/support.mozilla.org\/en-US\/kb\/clear-cookies-and-site-data-firefox?redirectslug=delete-cookies-remove-info-websites-stored&amp;redirectlocale=en-US\" target=\"_blank\" rel=\"noopener\">https:\/\/support.mozilla.org\/en-US\/kb\/clear-cookies-and-site-data-firefox?redirectslug=delete-cookies-remove-info-websites-stored&amp;redirectlocale=en-US<\/a><\/p>\n<p>Internet Explorer: <a href=\"https:\/\/support.microsoft.com\/en-us\/topic\/how-to-delete-cookie-files-in-internet-explorer-bca9446f-d873-78de-77ba-d42645fa52fc\" target=\"_blank\" rel=\"noopener\">https:\/\/support.microsoft.com\/en-us\/topic\/how-to-delete-cookie-files-in-internet-explorer-bca9446f-d873-78de-77ba-d42645fa52fc<\/a><\/p>\n<p>Wenn Sie einen anderen Webbrowser verwenden, lesen Sie bitte die offiziellen Support-Dokumente f\u00fcr Ihren Browser.<\/p>\n<\/div>\n<p>&nbsp;<\/p>\n<p class=\"cookie-policy-p\">Cookie-Richtlinie Erzeugt von <a href=\"https:\/\/www.cookieyes.com\/?utm_source=CP&amp;utm_medium=footer&amp;utm_campaign=UW\" target=\"_blank\" rel=\"noopener\">CookieYes &#8211; Cookie Policy Generator<\/a>.<\/p>\n<\/div><\/div><\/div><\/div><\/div>\n","protected":false},"excerpt":{"rendered":"","protected":false},"author":5,"featured_media":0,"parent":0,"menu_order":0,"comment_status":"closed","ping_status":"closed","template":"","meta":{"footnotes":""},"yoast_head":"<!-- This site is optimized with the Yoast SEO plugin v22.8 - https:\/\/yoast.com\/wordpress\/plugins\/seo\/ -->\n<title>Cookie Policy - hotelsanmatteo.it<\/title>\n<meta name=\"robots\" content=\"index, follow, max-snippet:-1, max-image-preview:large, max-video-preview:-1\" \/>\n<link rel=\"canonical\" href=\"https:\/\/www.hotelsanmatteo.it\/de\/cookie-policy\/\" \/>\n<meta property=\"og:locale\" content=\"de_DE\" \/>\n<meta property=\"og:type\" content=\"article\" \/>\n<meta property=\"og:title\" content=\"Cookie Policy - hotelsanmatteo.it\" \/>\n<meta property=\"og:url\" content=\"https:\/\/www.hotelsanmatteo.it\/de\/cookie-policy\/\" \/>\n<meta property=\"og:site_name\" content=\"hotelsanmatteo.it\" \/>\n<meta property=\"article:publisher\" content=\"https:\/\/www.facebook.com\/HotelRistoranteSanMatteo\/\" \/>\n<meta name=\"twitter:card\" content=\"summary_large_image\" \/>\n<meta name=\"twitter:label1\" content=\"Gesch\u00e4tzte Lesezeit\" \/>\n\t<meta name=\"twitter:data1\" content=\"2\u00a0Minuten\" \/>\n<script type=\"application\/ld+json\" class=\"yoast-schema-graph\">{\"@context\":\"https:\/\/schema.org\",\"@graph\":[{\"@type\":\"WebPage\",\"@id\":\"https:\/\/www.hotelsanmatteo.it\/de\/cookie-policy\/\",\"url\":\"https:\/\/www.hotelsanmatteo.it\/de\/cookie-policy\/\",\"name\":\"Cookie Policy - hotelsanmatteo.it\",\"isPartOf\":{\"@id\":\"https:\/\/www.hotelsanmatteo.it\/#website\"},\"datePublished\":\"2024-10-01T15:12:56+00:00\",\"dateModified\":\"2024-10-01T15:12:56+00:00\",\"breadcrumb\":{\"@id\":\"https:\/\/www.hotelsanmatteo.it\/de\/cookie-policy\/#breadcrumb\"},\"inLanguage\":\"de\",\"potentialAction\":[{\"@type\":\"ReadAction\",\"target\":[\"https:\/\/www.hotelsanmatteo.it\/de\/cookie-policy\/\"]}]},{\"@type\":\"BreadcrumbList\",\"@id\":\"https:\/\/www.hotelsanmatteo.it\/de\/cookie-policy\/#breadcrumb\",\"itemListElement\":[{\"@type\":\"ListItem\",\"position\":1,\"name\":\"Home\",\"item\":\"https:\/\/www.hotelsanmatteo.it\/de\/\"},{\"@type\":\"ListItem\",\"position\":2,\"name\":\"Cookie Policy\"}]},{\"@type\":\"WebSite\",\"@id\":\"https:\/\/www.hotelsanmatteo.it\/#website\",\"url\":\"https:\/\/www.hotelsanmatteo.it\/\",\"name\":\"hotelsanmatteo.it\",\"description\":\"Hotel San Matteo - Un&#039;oasi di tranquillit\u00e0 immersa nel verde\",\"publisher\":{\"@id\":\"https:\/\/www.hotelsanmatteo.it\/#organization\"},\"potentialAction\":[{\"@type\":\"SearchAction\",\"target\":{\"@type\":\"EntryPoint\",\"urlTemplate\":\"https:\/\/www.hotelsanmatteo.it\/?s={search_term_string}\"},\"query-input\":\"required name=search_term_string\"}],\"inLanguage\":\"de\"},{\"@type\":\"Organization\",\"@id\":\"https:\/\/www.hotelsanmatteo.it\/#organization\",\"name\":\"Hotel Ristorante San Matteo***\",\"url\":\"https:\/\/www.hotelsanmatteo.it\/\",\"logo\":{\"@type\":\"ImageObject\",\"inLanguage\":\"de\",\"@id\":\"https:\/\/www.hotelsanmatteo.it\/#\/schema\/logo\/image\/\",\"url\":\"https:\/\/www.hotelsanmatteo.it\/wp-content\/uploads\/2017\/10\/logo-HotelSanMatteo-360px.png\",\"contentUrl\":\"https:\/\/www.hotelsanmatteo.it\/wp-content\/uploads\/2017\/10\/logo-HotelSanMatteo-360px.png\",\"width\":360,\"height\":98,\"caption\":\"Hotel Ristorante San Matteo***\"},\"image\":{\"@id\":\"https:\/\/www.hotelsanmatteo.it\/#\/schema\/logo\/image\/\"},\"sameAs\":[\"https:\/\/www.facebook.com\/HotelRistoranteSanMatteo\/\"]}]}<\/script>\n<!-- \/ Yoast SEO plugin. -->","yoast_head_json":{"title":"Cookie Policy - hotelsanmatteo.it","robots":{"index":"index","follow":"follow","max-snippet":"max-snippet:-1","max-image-preview":"max-image-preview:large","max-video-preview":"max-video-preview:-1"},"canonical":"https:\/\/www.hotelsanmatteo.it\/de\/cookie-policy\/","og_locale":"de_DE","og_type":"article","og_title":"Cookie Policy - hotelsanmatteo.it","og_url":"https:\/\/www.hotelsanmatteo.it\/de\/cookie-policy\/","og_site_name":"hotelsanmatteo.it","article_publisher":"https:\/\/www.facebook.com\/HotelRistoranteSanMatteo\/","twitter_card":"summary_large_image","twitter_misc":{"Gesch\u00e4tzte Lesezeit":"2\u00a0Minuten"},"schema":{"@context":"https:\/\/schema.org","@graph":[{"@type":"WebPage","@id":"https:\/\/www.hotelsanmatteo.it\/de\/cookie-policy\/","url":"https:\/\/www.hotelsanmatteo.it\/de\/cookie-policy\/","name":"Cookie Policy - hotelsanmatteo.it","isPartOf":{"@id":"https:\/\/www.hotelsanmatteo.it\/#website"},"datePublished":"2024-10-01T15:12:56+00:00","dateModified":"2024-10-01T15:12:56+00:00","breadcrumb":{"@id":"https:\/\/www.hotelsanmatteo.it\/de\/cookie-policy\/#breadcrumb"},"inLanguage":"de","potentialAction":[{"@type":"ReadAction","target":["https:\/\/www.hotelsanmatteo.it\/de\/cookie-policy\/"]}]},{"@type":"BreadcrumbList","@id":"https:\/\/www.hotelsanmatteo.it\/de\/cookie-policy\/#breadcrumb","itemListElement":[{"@type":"ListItem","position":1,"name":"Home","item":"https:\/\/www.hotelsanmatteo.it\/de\/"},{"@type":"ListItem","position":2,"name":"Cookie Policy"}]},{"@type":"WebSite","@id":"https:\/\/www.hotelsanmatteo.it\/#website","url":"https:\/\/www.hotelsanmatteo.it\/","name":"hotelsanmatteo.it","description":"Hotel San Matteo - Un&#039;oasi di tranquillit\u00e0 immersa nel verde","publisher":{"@id":"https:\/\/www.hotelsanmatteo.it\/#organization"},"potentialAction":[{"@type":"SearchAction","target":{"@type":"EntryPoint","urlTemplate":"https:\/\/www.hotelsanmatteo.it\/?s={search_term_string}"},"query-input":"required name=search_term_string"}],"inLanguage":"de"},{"@type":"Organization","@id":"https:\/\/www.hotelsanmatteo.it\/#organization","name":"Hotel Ristorante San Matteo***","url":"https:\/\/www.hotelsanmatteo.it\/","logo":{"@type":"ImageObject","inLanguage":"de","@id":"https:\/\/www.hotelsanmatteo.it\/#\/schema\/logo\/image\/","url":"https:\/\/www.hotelsanmatteo.it\/wp-content\/uploads\/2017\/10\/logo-HotelSanMatteo-360px.png","contentUrl":"https:\/\/www.hotelsanmatteo.it\/wp-content\/uploads\/2017\/10\/logo-HotelSanMatteo-360px.png","width":360,"height":98,"caption":"Hotel Ristorante San Matteo***"},"image":{"@id":"https:\/\/www.hotelsanmatteo.it\/#\/schema\/logo\/image\/"},"sameAs":["https:\/\/www.facebook.com\/HotelRistoranteSanMatteo\/"]}]}},"_links":{"self":[{"href":"https:\/\/www.hotelsanmatteo.it\/de\/wp-json\/wp\/v2\/pages\/6986"}],"collection":[{"href":"https:\/\/www.hotelsanmatteo.it\/de\/wp-json\/wp\/v2\/pages"}],"about":[{"href":"https:\/\/www.hotelsanmatteo.it\/de\/wp-json\/wp\/v2\/types\/page"}],"author":[{"embeddable":true,"href":"https:\/\/www.hotelsanmatteo.it\/de\/wp-json\/wp\/v2\/users\/5"}],"replies":[{"embeddable":true,"href":"https:\/\/www.hotelsanmatteo.it\/de\/wp-json\/wp\/v2\/comments?post=6986"}],"version-history":[{"count":3,"href":"https:\/\/www.hotelsanmatteo.it\/de\/wp-json\/wp\/v2\/pages\/6986\/revisions"}],"predecessor-version":[{"id":7019,"href":"https:\/\/www.hotelsanmatteo.it\/de\/wp-json\/wp\/v2\/pages\/6986\/revisions\/7019"}],"wp:attachment":[{"href":"https:\/\/www.hotelsanmatteo.it\/de\/wp-json\/wp\/v2\/media?parent=6986"}],"curies":[{"name":"wp","href":"https:\/\/api.w.org\/{rel}","templated":true}]}}